{"id":16336,"date":"2020-10-28T13:44:22","date_gmt":"2020-10-28T17:44:22","guid":{"rendered":"https:\/\/cnycf.org\/inicio\/"},"modified":"2026-05-04T10:10:49","modified_gmt":"2026-05-04T14:10:49","slug":"inicio","status":"publish","type":"page","link":"https:\/\/cnycf.org\/es\/","title":{"rendered":"Inicio"},"content":{"rendered":"","protected":false},"excerpt":{"rendered":"","protected":false},"author":1,"featured_media":0,"parent":0,"menu_order":0,"comment_status":"closed","ping_status":"closed","template":"","meta":{"_acf_changed":false,"footnotes":""},"class_list":["post-16336","page","type-page","status-publish","hentry"],"acf":[],"yoast_head":"<!-- This site is optimized with the Yoast SEO plugin v26.9 - https:\/\/yoast.com\/product\/yoast-seo-wordpress\/ -->\n<title>- Central New York Community Foundation<\/title>\n<meta name=\"description\" content=\"CNYCF es una organizaci\u00f3n ben\u00e9fica p\u00fablica que recauda contribuciones de donantes privados, las gestiona para que crezcan con el tiempo y luego distribuye fondos a organizaciones ben\u00e9ficas locales para ayudarlas a prosperar.\" \/>\n<meta name=\"robots\" content=\"index, follow, max-snippet:-1, max-image-preview:large, max-video-preview:-1\" \/>\n<link rel=\"canonical\" href=\"https:\/\/cnycf.org\/es\/\" \/>\n<meta property=\"og:locale\" content=\"es_ES\" \/>\n<meta property=\"og:type\" content=\"article\" \/>\n<meta property=\"og:title\" content=\"Fundaci\u00f3n Comunitaria de Nueva York Central\" \/>\n<meta property=\"og:description\" content=\"CNYCF es una organizaci\u00f3n ben\u00e9fica p\u00fablica que recauda contribuciones de donantes privados, las gestiona para que crezcan con el tiempo y luego distribuye fondos a organizaciones ben\u00e9ficas locales para ayudarlas a prosperar.\" \/>\n<meta property=\"og:url\" content=\"https:\/\/cnycf.org\/es\/\" \/>\n<meta property=\"og:site_name\" content=\"Central New York Community Foundation\" \/>\n<meta property=\"article:modified_time\" content=\"2026-05-04T14:10:49+00:00\" \/>\n<meta property=\"og:image\" content=\"https:\/\/cnycf.org\/app\/uploads\/2021\/03\/Homepage-Social-Preview_FB.png\" \/>\n<meta name=\"twitter:card\" content=\"summary_large_image\" \/>\n<meta name=\"twitter:title\" content=\"Fundaci\u00f3n Comunitaria de Nueva York Central\" \/>\n<meta name=\"twitter:description\" content=\"CNYCF es una organizaci\u00f3n ben\u00e9fica p\u00fablica que recauda contribuciones de donantes privados, las gestiona para que crezcan con el tiempo y luego distribuye fondos a organizaciones ben\u00e9ficas locales para ayudarlas a prosperar.\" \/>\n<meta name=\"twitter:image\" content=\"https:\/\/cnycf.org\/app\/uploads\/2021\/03\/Copy-of-Homepage-Social-Preview_Twitter.png\" \/>\n<script type=\"application\/ld+json\" class=\"yoast-schema-graph\">{\"@context\":\"https:\/\/schema.org\",\"@graph\":[{\"@type\":\"WebPage\",\"@id\":\"https:\/\/cnycf.org\/es\/\",\"url\":\"https:\/\/cnycf.org\/es\/\",\"name\":\"- Central New York Community Foundation\",\"isPartOf\":{\"@id\":\"https:\/\/cnycf.org\/es\/#website\"},\"datePublished\":\"2020-10-28T17:44:22+00:00\",\"dateModified\":\"2026-05-04T14:10:49+00:00\",\"description\":\"CNYCF es una organizaci\u00f3n ben\u00e9fica p\u00fablica que recauda contribuciones de donantes privados, las gestiona para que crezcan con el tiempo y luego distribuye fondos a organizaciones ben\u00e9ficas locales para ayudarlas a prosperar.\",\"breadcrumb\":{\"@id\":\"https:\/\/cnycf.org\/es\/#breadcrumb\"},\"inLanguage\":\"es-ES\",\"potentialAction\":[{\"@type\":\"ReadAction\",\"target\":[\"https:\/\/cnycf.org\/es\/\"]}]},{\"@type\":\"BreadcrumbList\",\"@id\":\"https:\/\/cnycf.org\/es\/#breadcrumb\",\"itemListElement\":[{\"@type\":\"ListItem\",\"position\":1,\"name\":\"Home\",\"item\":\"https:\/\/cnycf.org\/es\/inicio\/\"},{\"@type\":\"ListItem\",\"position\":2,\"name\":\"Inicio\"}]},{\"@type\":\"WebSite\",\"@id\":\"https:\/\/cnycf.org\/es\/#website\",\"url\":\"https:\/\/cnycf.org\/es\/\",\"name\":\"Central New York Community Foundation\",\"description\":\"Our mission is to foster a thriving Central New York community\",\"potentialAction\":[{\"@type\":\"SearchAction\",\"target\":{\"@type\":\"EntryPoint\",\"urlTemplate\":\"https:\/\/cnycf.org\/es\/?s={search_term_string}\"},\"query-input\":{\"@type\":\"PropertyValueSpecification\",\"valueRequired\":true,\"valueName\":\"search_term_string\"}}],\"inLanguage\":\"es-ES\"}]}<\/script>\n<!-- \/ Yoast SEO plugin. -->","yoast_head_json":{"title":"- Central New York Community Foundation","description":"CNYCF es una organizaci\u00f3n ben\u00e9fica p\u00fablica que recauda contribuciones de donantes privados, las gestiona para que crezcan con el tiempo y luego distribuye fondos a organizaciones ben\u00e9ficas locales para ayudarlas a prosperar.","robots":{"index":"index","follow":"follow","max-snippet":"max-snippet:-1","max-image-preview":"max-image-preview:large","max-video-preview":"max-video-preview:-1"},"canonical":"https:\/\/cnycf.org\/es\/","og_locale":"es_ES","og_type":"article","og_title":"Fundaci\u00f3n Comunitaria de Nueva York Central","og_description":"CNYCF es una organizaci\u00f3n ben\u00e9fica p\u00fablica que recauda contribuciones de donantes privados, las gestiona para que crezcan con el tiempo y luego distribuye fondos a organizaciones ben\u00e9ficas locales para ayudarlas a prosperar.","og_url":"https:\/\/cnycf.org\/es\/","og_site_name":"Central New York Community Foundation","article_modified_time":"2026-05-04T14:10:49+00:00","og_image":[{"url":"https:\/\/cnycf.org\/app\/uploads\/2021\/03\/Homepage-Social-Preview_FB.png","type":"","width":"","height":""}],"twitter_card":"summary_large_image","twitter_title":"Fundaci\u00f3n Comunitaria de Nueva York Central","twitter_description":"CNYCF es una organizaci\u00f3n ben\u00e9fica p\u00fablica que recauda contribuciones de donantes privados, las gestiona para que crezcan con el tiempo y luego distribuye fondos a organizaciones ben\u00e9ficas locales para ayudarlas a prosperar.","twitter_image":"https:\/\/cnycf.org\/app\/uploads\/2021\/03\/Copy-of-Homepage-Social-Preview_Twitter.png","schema":{"@context":"https:\/\/schema.org","@graph":[{"@type":"WebPage","@id":"https:\/\/cnycf.org\/es\/","url":"https:\/\/cnycf.org\/es\/","name":"- Central New York Community Foundation","isPartOf":{"@id":"https:\/\/cnycf.org\/es\/#website"},"datePublished":"2020-10-28T17:44:22+00:00","dateModified":"2026-05-04T14:10:49+00:00","description":"CNYCF es una organizaci\u00f3n ben\u00e9fica p\u00fablica que recauda contribuciones de donantes privados, las gestiona para que crezcan con el tiempo y luego distribuye fondos a organizaciones ben\u00e9ficas locales para ayudarlas a prosperar.","breadcrumb":{"@id":"https:\/\/cnycf.org\/es\/#breadcrumb"},"inLanguage":"es-ES","potentialAction":[{"@type":"ReadAction","target":["https:\/\/cnycf.org\/es\/"]}]},{"@type":"BreadcrumbList","@id":"https:\/\/cnycf.org\/es\/#breadcrumb","itemListElement":[{"@type":"ListItem","position":1,"name":"Home","item":"https:\/\/cnycf.org\/es\/inicio\/"},{"@type":"ListItem","position":2,"name":"Inicio"}]},{"@type":"WebSite","@id":"https:\/\/cnycf.org\/es\/#website","url":"https:\/\/cnycf.org\/es\/","name":"Central New York Community Foundation","description":"Our mission is to foster a thriving Central New York community","potentialAction":[{"@type":"SearchAction","target":{"@type":"EntryPoint","urlTemplate":"https:\/\/cnycf.org\/es\/?s={search_term_string}"},"query-input":{"@type":"PropertyValueSpecification","valueRequired":true,"valueName":"search_term_string"}}],"inLanguage":"es-ES"}]}},"_links":{"self":[{"href":"https:\/\/cnycf.org\/es\/wp-json\/wp\/v2\/pages\/16336","targetHints":{"allow":["GET"]}}],"collection":[{"href":"https:\/\/cnycf.org\/es\/wp-json\/wp\/v2\/pages"}],"about":[{"href":"https:\/\/cnycf.org\/es\/wp-json\/wp\/v2\/types\/page"}],"author":[{"embeddable":true,"href":"https:\/\/cnycf.org\/es\/wp-json\/wp\/v2\/users\/1"}],"replies":[{"embeddable":true,"href":"https:\/\/cnycf.org\/es\/wp-json\/wp\/v2\/comments?post=16336"}],"version-history":[{"count":1,"href":"https:\/\/cnycf.org\/es\/wp-json\/wp\/v2\/pages\/16336\/revisions"}],"predecessor-version":[{"id":34184,"href":"https:\/\/cnycf.org\/es\/wp-json\/wp\/v2\/pages\/16336\/revisions\/34184"}],"wp:attachment":[{"href":"https:\/\/cnycf.org\/es\/wp-json\/wp\/v2\/media?parent=16336"}],"curies":[{"name":"wp","href":"https:\/\/api.w.org\/{rel}","templated":true}]}}