{"id":29605,"date":"2021-01-06T21:10:20","date_gmt":"2021-01-07T02:10:20","guid":{"rendered":"https:\/\/cnycf.org\/contribuer-a-une-communaute-prospere-une-annee-doctroi-de-subventions\/"},"modified":"2025-07-14T10:32:04","modified_gmt":"2025-07-14T14:32:04","slug":"contribuer-a-une-communaute-prospere-une-annee-doctroi-de-subventions","status":"publish","type":"page","link":"https:\/\/cnycf.org\/fr\/a-propos-de-nous\/publications-papiers\/rapport-annuel-2021\/contribuer-a-une-communaute-prospere-une-annee-doctroi-de-subventions\/","title":{"rendered":"Contribuer \u00e0 une communaut\u00e9 prosp\u00e8re : Une ann\u00e9e d&#8217;octroi de subventions"},"content":{"rendered":"","protected":false},"excerpt":{"rendered":"","protected":false},"author":4,"featured_media":0,"parent":29989,"menu_order":0,"comment_status":"closed","ping_status":"closed","template":"views\/template-microsite.blade.php","meta":{"_acf_changed":false,"footnotes":""},"class_list":["post-29605","page","type-page","status-publish","hentry"],"acf":[],"yoast_head":"<!-- This site is optimized with the Yoast SEO plugin v26.9 - https:\/\/yoast.com\/product\/yoast-seo-wordpress\/ -->\n<title>Contribuer \u00e0 une communaut\u00e9 prosp\u00e8re : Une ann\u00e9e d&#039;octroi de subventions - Central New York Community Foundation<\/title>\n<meta name=\"robots\" content=\"index, follow, max-snippet:-1, max-image-preview:large, max-video-preview:-1\" \/>\n<link rel=\"canonical\" href=\"https:\/\/cnycf.org\/fr\/a-propos-de-nous\/publications-papiers\/rapport-annuel-2021\/contribuer-a-une-communaute-prospere-une-annee-doctroi-de-subventions\/\" \/>\n<meta property=\"og:locale\" content=\"fr_FR\" \/>\n<meta property=\"og:type\" content=\"article\" \/>\n<meta property=\"og:title\" content=\"Contribuer \u00e0 une communaut\u00e9 prosp\u00e8re : Une ann\u00e9e d&#039;octroi de subventions - Central New York Community Foundation\" \/>\n<meta property=\"og:url\" content=\"https:\/\/cnycf.org\/fr\/a-propos-de-nous\/publications-papiers\/rapport-annuel-2021\/contribuer-a-une-communaute-prospere-une-annee-doctroi-de-subventions\/\" \/>\n<meta property=\"og:site_name\" content=\"Central New York Community Foundation\" \/>\n<meta property=\"article:modified_time\" content=\"2025-07-14T14:32:04+00:00\" \/>\n<meta name=\"twitter:card\" content=\"summary_large_image\" \/>\n<script type=\"application\/ld+json\" class=\"yoast-schema-graph\">{\"@context\":\"https:\/\/schema.org\",\"@graph\":[{\"@type\":\"WebPage\",\"@id\":\"https:\/\/cnycf.org\/fr\/a-propos-de-nous\/publications-papiers\/rapport-annuel-2021\/contribuer-a-une-communaute-prospere-une-annee-doctroi-de-subventions\/\",\"url\":\"https:\/\/cnycf.org\/fr\/a-propos-de-nous\/publications-papiers\/rapport-annuel-2021\/contribuer-a-une-communaute-prospere-une-annee-doctroi-de-subventions\/\",\"name\":\"Contribuer \u00e0 une communaut\u00e9 prosp\u00e8re : Une ann\u00e9e d'octroi de subventions - Central New York Community Foundation\",\"isPartOf\":{\"@id\":\"https:\/\/cnycf.org\/fr\/#website\"},\"datePublished\":\"2021-01-07T02:10:20+00:00\",\"dateModified\":\"2025-07-14T14:32:04+00:00\",\"breadcrumb\":{\"@id\":\"https:\/\/cnycf.org\/fr\/a-propos-de-nous\/publications-papiers\/rapport-annuel-2021\/contribuer-a-une-communaute-prospere-une-annee-doctroi-de-subventions\/#breadcrumb\"},\"inLanguage\":\"fr-FR\",\"potentialAction\":[{\"@type\":\"ReadAction\",\"target\":[\"https:\/\/cnycf.org\/fr\/a-propos-de-nous\/publications-papiers\/rapport-annuel-2021\/contribuer-a-une-communaute-prospere-une-annee-doctroi-de-subventions\/\"]}]},{\"@type\":\"BreadcrumbList\",\"@id\":\"https:\/\/cnycf.org\/fr\/a-propos-de-nous\/publications-papiers\/rapport-annuel-2021\/contribuer-a-une-communaute-prospere-une-annee-doctroi-de-subventions\/#breadcrumb\",\"itemListElement\":[{\"@type\":\"ListItem\",\"position\":1,\"name\":\"Home\",\"item\":\"https:\/\/cnycf.org\/fr\/domicile\/\"},{\"@type\":\"ListItem\",\"position\":2,\"name\":\"A propos de nous\",\"item\":\"https:\/\/cnycf.org\/fr\/a-propos-de-nous\/\"},{\"@type\":\"ListItem\",\"position\":3,\"name\":\"Publications et documents\",\"item\":\"https:\/\/cnycf.org\/fr\/a-propos-de-nous\/publications-papiers\/\"},{\"@type\":\"ListItem\",\"position\":4,\"name\":\"Rapport annuel 2021\",\"item\":\"https:\/\/cnycf.org\/fr\/a-propos-de-nous\/publications-papiers\/rapport-annuel-2021\/\"},{\"@type\":\"ListItem\",\"position\":5,\"name\":\"Contribuer \u00e0 une communaut\u00e9 prosp\u00e8re : Une ann\u00e9e d&#8217;octroi de subventions\"}]},{\"@type\":\"WebSite\",\"@id\":\"https:\/\/cnycf.org\/fr\/#website\",\"url\":\"https:\/\/cnycf.org\/fr\/\",\"name\":\"Central New York Community Foundation\",\"description\":\"Our mission is to foster a thriving Central New York community\",\"potentialAction\":[{\"@type\":\"SearchAction\",\"target\":{\"@type\":\"EntryPoint\",\"urlTemplate\":\"https:\/\/cnycf.org\/fr\/?s={search_term_string}\"},\"query-input\":{\"@type\":\"PropertyValueSpecification\",\"valueRequired\":true,\"valueName\":\"search_term_string\"}}],\"inLanguage\":\"fr-FR\"}]}<\/script>\n<!-- \/ Yoast SEO plugin. -->","yoast_head_json":{"title":"Contribuer \u00e0 une communaut\u00e9 prosp\u00e8re : Une ann\u00e9e d'octroi de subventions - Central New York Community Foundation","robots":{"index":"index","follow":"follow","max-snippet":"max-snippet:-1","max-image-preview":"max-image-preview:large","max-video-preview":"max-video-preview:-1"},"canonical":"https:\/\/cnycf.org\/fr\/a-propos-de-nous\/publications-papiers\/rapport-annuel-2021\/contribuer-a-une-communaute-prospere-une-annee-doctroi-de-subventions\/","og_locale":"fr_FR","og_type":"article","og_title":"Contribuer \u00e0 une communaut\u00e9 prosp\u00e8re : Une ann\u00e9e d'octroi de subventions - Central New York Community Foundation","og_url":"https:\/\/cnycf.org\/fr\/a-propos-de-nous\/publications-papiers\/rapport-annuel-2021\/contribuer-a-une-communaute-prospere-une-annee-doctroi-de-subventions\/","og_site_name":"Central New York Community Foundation","article_modified_time":"2025-07-14T14:32:04+00:00","twitter_card":"summary_large_image","schema":{"@context":"https:\/\/schema.org","@graph":[{"@type":"WebPage","@id":"https:\/\/cnycf.org\/fr\/a-propos-de-nous\/publications-papiers\/rapport-annuel-2021\/contribuer-a-une-communaute-prospere-une-annee-doctroi-de-subventions\/","url":"https:\/\/cnycf.org\/fr\/a-propos-de-nous\/publications-papiers\/rapport-annuel-2021\/contribuer-a-une-communaute-prospere-une-annee-doctroi-de-subventions\/","name":"Contribuer \u00e0 une communaut\u00e9 prosp\u00e8re : Une ann\u00e9e d'octroi de subventions - Central New York Community Foundation","isPartOf":{"@id":"https:\/\/cnycf.org\/fr\/#website"},"datePublished":"2021-01-07T02:10:20+00:00","dateModified":"2025-07-14T14:32:04+00:00","breadcrumb":{"@id":"https:\/\/cnycf.org\/fr\/a-propos-de-nous\/publications-papiers\/rapport-annuel-2021\/contribuer-a-une-communaute-prospere-une-annee-doctroi-de-subventions\/#breadcrumb"},"inLanguage":"fr-FR","potentialAction":[{"@type":"ReadAction","target":["https:\/\/cnycf.org\/fr\/a-propos-de-nous\/publications-papiers\/rapport-annuel-2021\/contribuer-a-une-communaute-prospere-une-annee-doctroi-de-subventions\/"]}]},{"@type":"BreadcrumbList","@id":"https:\/\/cnycf.org\/fr\/a-propos-de-nous\/publications-papiers\/rapport-annuel-2021\/contribuer-a-une-communaute-prospere-une-annee-doctroi-de-subventions\/#breadcrumb","itemListElement":[{"@type":"ListItem","position":1,"name":"Home","item":"https:\/\/cnycf.org\/fr\/domicile\/"},{"@type":"ListItem","position":2,"name":"A propos de nous","item":"https:\/\/cnycf.org\/fr\/a-propos-de-nous\/"},{"@type":"ListItem","position":3,"name":"Publications et documents","item":"https:\/\/cnycf.org\/fr\/a-propos-de-nous\/publications-papiers\/"},{"@type":"ListItem","position":4,"name":"Rapport annuel 2021","item":"https:\/\/cnycf.org\/fr\/a-propos-de-nous\/publications-papiers\/rapport-annuel-2021\/"},{"@type":"ListItem","position":5,"name":"Contribuer \u00e0 une communaut\u00e9 prosp\u00e8re : Une ann\u00e9e d&#8217;octroi de subventions"}]},{"@type":"WebSite","@id":"https:\/\/cnycf.org\/fr\/#website","url":"https:\/\/cnycf.org\/fr\/","name":"Central New York Community Foundation","description":"Our mission is to foster a thriving Central New York community","potentialAction":[{"@type":"SearchAction","target":{"@type":"EntryPoint","urlTemplate":"https:\/\/cnycf.org\/fr\/?s={search_term_string}"},"query-input":{"@type":"PropertyValueSpecification","valueRequired":true,"valueName":"search_term_string"}}],"inLanguage":"fr-FR"}]}},"_links":{"self":[{"href":"https:\/\/cnycf.org\/fr\/wp-json\/wp\/v2\/pages\/29605","targetHints":{"allow":["GET"]}}],"collection":[{"href":"https:\/\/cnycf.org\/fr\/wp-json\/wp\/v2\/pages"}],"about":[{"href":"https:\/\/cnycf.org\/fr\/wp-json\/wp\/v2\/types\/page"}],"author":[{"embeddable":true,"href":"https:\/\/cnycf.org\/fr\/wp-json\/wp\/v2\/users\/4"}],"replies":[{"embeddable":true,"href":"https:\/\/cnycf.org\/fr\/wp-json\/wp\/v2\/comments?post=29605"}],"version-history":[{"count":1,"href":"https:\/\/cnycf.org\/fr\/wp-json\/wp\/v2\/pages\/29605\/revisions"}],"predecessor-version":[{"id":36349,"href":"https:\/\/cnycf.org\/fr\/wp-json\/wp\/v2\/pages\/29605\/revisions\/36349"}],"up":[{"embeddable":true,"href":"https:\/\/cnycf.org\/fr\/wp-json\/wp\/v2\/pages\/29989"}],"wp:attachment":[{"href":"https:\/\/cnycf.org\/fr\/wp-json\/wp\/v2\/media?parent=29605"}],"curies":[{"name":"wp","href":"https:\/\/api.w.org\/{rel}","templated":true}]}}