{"id":29641,"date":"2023-08-01T14:39:59","date_gmt":"2023-08-01T18:39:59","guid":{"rendered":"https:\/\/cnycf.org\/investissement-dimpact\/"},"modified":"2025-11-13T15:09:57","modified_gmt":"2025-11-13T20:09:57","slug":"investissement-dimpact","status":"publish","type":"page","link":"https:\/\/cnycf.org\/fr\/a-propos-de-nous\/investissement-dimpact\/","title":{"rendered":"L&#8217;investissement \u00e0 impact"},"content":{"rendered":"","protected":false},"excerpt":{"rendered":"","protected":false},"author":3,"featured_media":0,"parent":29896,"menu_order":0,"comment_status":"closed","ping_status":"closed","template":"","meta":{"_acf_changed":false,"footnotes":""},"class_list":["post-29641","page","type-page","status-publish","hentry"],"acf":[],"yoast_head":"<!-- This site is optimized with the Yoast SEO plugin v26.9 - https:\/\/yoast.com\/product\/yoast-seo-wordpress\/ -->\n<title>L&#039;investissement \u00e0 impact - Central New York Community Foundation<\/title>\n<meta name=\"robots\" content=\"index, follow, max-snippet:-1, max-image-preview:large, max-video-preview:-1\" \/>\n<link rel=\"canonical\" href=\"https:\/\/cnycf.org\/fr\/a-propos-de-nous\/investissement-dimpact\/\" \/>\n<meta property=\"og:locale\" content=\"fr_FR\" \/>\n<meta property=\"og:type\" content=\"article\" \/>\n<meta property=\"og:title\" content=\"L&#039;investissement \u00e0 impact\" \/>\n<meta property=\"og:description\" content=\"Nous avons mis en place un nouvel outil, l&#039;investissement d&#039;impact, pour aider \u00e0 cr\u00e9er un changement transformationnel.\" \/>\n<meta property=\"og:url\" content=\"https:\/\/cnycf.org\/fr\/a-propos-de-nous\/investissement-dimpact\/\" \/>\n<meta property=\"og:site_name\" content=\"Central New York Community Foundation\" \/>\n<meta property=\"article:modified_time\" content=\"2025-11-13T20:09:57+00:00\" \/>\n<meta property=\"og:image\" content=\"https:\/\/cnycf.org\/app\/uploads\/2023\/07\/Banner-Photo-cropped-less-for-social-1024x576.jpg\" \/>\n<meta name=\"twitter:card\" content=\"summary_large_image\" \/>\n<meta name=\"twitter:title\" content=\"L&#039;investissement \u00e0 impact\" \/>\n<meta name=\"twitter:description\" content=\"Nous avons mis en place un nouvel outil, l&#039;investissement d&#039;impact, pour aider \u00e0 cr\u00e9er un changement transformationnel.\" \/>\n<meta name=\"twitter:image\" content=\"https:\/\/cnycf.org\/app\/uploads\/2023\/07\/Banner-Photo-cropped-less-for-social-1024x576.jpg\" \/>\n<script type=\"application\/ld+json\" class=\"yoast-schema-graph\">{\"@context\":\"https:\/\/schema.org\",\"@graph\":[{\"@type\":\"WebPage\",\"@id\":\"https:\/\/cnycf.org\/fr\/a-propos-de-nous\/investissement-dimpact\/\",\"url\":\"https:\/\/cnycf.org\/fr\/a-propos-de-nous\/investissement-dimpact\/\",\"name\":\"L'investissement \u00e0 impact - Central New York Community Foundation\",\"isPartOf\":{\"@id\":\"https:\/\/cnycf.org\/fr\/#website\"},\"datePublished\":\"2023-08-01T18:39:59+00:00\",\"dateModified\":\"2025-11-13T20:09:57+00:00\",\"breadcrumb\":{\"@id\":\"https:\/\/cnycf.org\/fr\/a-propos-de-nous\/investissement-dimpact\/#breadcrumb\"},\"inLanguage\":\"fr-FR\",\"potentialAction\":[{\"@type\":\"ReadAction\",\"target\":[\"https:\/\/cnycf.org\/fr\/a-propos-de-nous\/investissement-dimpact\/\"]}]},{\"@type\":\"BreadcrumbList\",\"@id\":\"https:\/\/cnycf.org\/fr\/a-propos-de-nous\/investissement-dimpact\/#breadcrumb\",\"itemListElement\":[{\"@type\":\"ListItem\",\"position\":1,\"name\":\"Home\",\"item\":\"https:\/\/cnycf.org\/fr\/domicile\/\"},{\"@type\":\"ListItem\",\"position\":2,\"name\":\"A propos de nous\",\"item\":\"https:\/\/cnycf.org\/fr\/a-propos-de-nous\/\"},{\"@type\":\"ListItem\",\"position\":3,\"name\":\"L&#8217;investissement \u00e0 impact\"}]},{\"@type\":\"WebSite\",\"@id\":\"https:\/\/cnycf.org\/fr\/#website\",\"url\":\"https:\/\/cnycf.org\/fr\/\",\"name\":\"Central New York Community Foundation\",\"description\":\"Our mission is to foster a thriving Central New York community\",\"potentialAction\":[{\"@type\":\"SearchAction\",\"target\":{\"@type\":\"EntryPoint\",\"urlTemplate\":\"https:\/\/cnycf.org\/fr\/?s={search_term_string}\"},\"query-input\":{\"@type\":\"PropertyValueSpecification\",\"valueRequired\":true,\"valueName\":\"search_term_string\"}}],\"inLanguage\":\"fr-FR\"}]}<\/script>\n<!-- \/ Yoast SEO plugin. -->","yoast_head_json":{"title":"L'investissement \u00e0 impact - Central New York Community Foundation","robots":{"index":"index","follow":"follow","max-snippet":"max-snippet:-1","max-image-preview":"max-image-preview:large","max-video-preview":"max-video-preview:-1"},"canonical":"https:\/\/cnycf.org\/fr\/a-propos-de-nous\/investissement-dimpact\/","og_locale":"fr_FR","og_type":"article","og_title":"L'investissement \u00e0 impact","og_description":"Nous avons mis en place un nouvel outil, l'investissement d'impact, pour aider \u00e0 cr\u00e9er un changement transformationnel.","og_url":"https:\/\/cnycf.org\/fr\/a-propos-de-nous\/investissement-dimpact\/","og_site_name":"Central New York Community Foundation","article_modified_time":"2025-11-13T20:09:57+00:00","og_image":[{"url":"https:\/\/cnycf.org\/app\/uploads\/2023\/07\/Banner-Photo-cropped-less-for-social-1024x576.jpg","type":"","width":"","height":""}],"twitter_card":"summary_large_image","twitter_title":"L'investissement \u00e0 impact","twitter_description":"Nous avons mis en place un nouvel outil, l'investissement d'impact, pour aider \u00e0 cr\u00e9er un changement transformationnel.","twitter_image":"https:\/\/cnycf.org\/app\/uploads\/2023\/07\/Banner-Photo-cropped-less-for-social-1024x576.jpg","schema":{"@context":"https:\/\/schema.org","@graph":[{"@type":"WebPage","@id":"https:\/\/cnycf.org\/fr\/a-propos-de-nous\/investissement-dimpact\/","url":"https:\/\/cnycf.org\/fr\/a-propos-de-nous\/investissement-dimpact\/","name":"L'investissement \u00e0 impact - Central New York Community Foundation","isPartOf":{"@id":"https:\/\/cnycf.org\/fr\/#website"},"datePublished":"2023-08-01T18:39:59+00:00","dateModified":"2025-11-13T20:09:57+00:00","breadcrumb":{"@id":"https:\/\/cnycf.org\/fr\/a-propos-de-nous\/investissement-dimpact\/#breadcrumb"},"inLanguage":"fr-FR","potentialAction":[{"@type":"ReadAction","target":["https:\/\/cnycf.org\/fr\/a-propos-de-nous\/investissement-dimpact\/"]}]},{"@type":"BreadcrumbList","@id":"https:\/\/cnycf.org\/fr\/a-propos-de-nous\/investissement-dimpact\/#breadcrumb","itemListElement":[{"@type":"ListItem","position":1,"name":"Home","item":"https:\/\/cnycf.org\/fr\/domicile\/"},{"@type":"ListItem","position":2,"name":"A propos de nous","item":"https:\/\/cnycf.org\/fr\/a-propos-de-nous\/"},{"@type":"ListItem","position":3,"name":"L&#8217;investissement \u00e0 impact"}]},{"@type":"WebSite","@id":"https:\/\/cnycf.org\/fr\/#website","url":"https:\/\/cnycf.org\/fr\/","name":"Central New York Community Foundation","description":"Our mission is to foster a thriving Central New York community","potentialAction":[{"@type":"SearchAction","target":{"@type":"EntryPoint","urlTemplate":"https:\/\/cnycf.org\/fr\/?s={search_term_string}"},"query-input":{"@type":"PropertyValueSpecification","valueRequired":true,"valueName":"search_term_string"}}],"inLanguage":"fr-FR"}]}},"_links":{"self":[{"href":"https:\/\/cnycf.org\/fr\/wp-json\/wp\/v2\/pages\/29641","targetHints":{"allow":["GET"]}}],"collection":[{"href":"https:\/\/cnycf.org\/fr\/wp-json\/wp\/v2\/pages"}],"about":[{"href":"https:\/\/cnycf.org\/fr\/wp-json\/wp\/v2\/types\/page"}],"author":[{"embeddable":true,"href":"https:\/\/cnycf.org\/fr\/wp-json\/wp\/v2\/users\/3"}],"replies":[{"embeddable":true,"href":"https:\/\/cnycf.org\/fr\/wp-json\/wp\/v2\/comments?post=29641"}],"version-history":[{"count":1,"href":"https:\/\/cnycf.org\/fr\/wp-json\/wp\/v2\/pages\/29641\/revisions"}],"predecessor-version":[{"id":38207,"href":"https:\/\/cnycf.org\/fr\/wp-json\/wp\/v2\/pages\/29641\/revisions\/38207"}],"up":[{"embeddable":true,"href":"https:\/\/cnycf.org\/fr\/wp-json\/wp\/v2\/pages\/29896"}],"wp:attachment":[{"href":"https:\/\/cnycf.org\/fr\/wp-json\/wp\/v2\/media?parent=29641"}],"curies":[{"name":"wp","href":"https:\/\/api.w.org\/{rel}","templated":true}]}}