{"id":29695,"date":"2020-10-28T13:44:22","date_gmt":"2020-10-28T17:44:22","guid":{"rendered":"https:\/\/cnycf.org\/domicile\/"},"modified":"2026-05-04T10:10:50","modified_gmt":"2026-05-04T14:10:50","slug":"domicile","status":"publish","type":"page","link":"https:\/\/cnycf.org\/fr\/","title":{"rendered":"Accueil"},"content":{"rendered":"","protected":false},"excerpt":{"rendered":"","protected":false},"author":1,"featured_media":0,"parent":0,"menu_order":0,"comment_status":"closed","ping_status":"closed","template":"","meta":{"_acf_changed":false,"footnotes":""},"class_list":["post-29695","page","type-page","status-publish","hentry"],"acf":[],"yoast_head":"<!-- This site is optimized with the Yoast SEO plugin v26.9 - https:\/\/yoast.com\/product\/yoast-seo-wordpress\/ -->\n<title>Accueil - Central New York Community Foundation<\/title>\n<meta name=\"description\" content=\"La CNYCF est une organisation caritative publique qui recueille les contributions de donateurs priv\u00e9s, les g\u00e8re pour les faire fructifier au fil du temps et distribue ensuite des fonds \u00e0 des organisations caritatives locales pour les aider \u00e0 prosp\u00e9rer.\" \/>\n<meta name=\"robots\" content=\"index, follow, max-snippet:-1, max-image-preview:large, max-video-preview:-1\" \/>\n<link rel=\"canonical\" href=\"https:\/\/cnycf.org\/fr\/\" \/>\n<meta property=\"og:locale\" content=\"fr_FR\" \/>\n<meta property=\"og:type\" content=\"article\" \/>\n<meta property=\"og:title\" content=\"Fondation communautaire du centre de New York\" \/>\n<meta property=\"og:description\" content=\"La CNYCF est une organisation caritative publique qui recueille les contributions de donateurs priv\u00e9s, les g\u00e8re pour les faire fructifier au fil du temps et distribue ensuite des fonds \u00e0 des organisations caritatives locales pour les aider \u00e0 prosp\u00e9rer.\" \/>\n<meta property=\"og:url\" content=\"https:\/\/cnycf.org\/fr\/\" \/>\n<meta property=\"og:site_name\" content=\"Central New York Community Foundation\" \/>\n<meta property=\"article:modified_time\" content=\"2026-05-04T14:10:50+00:00\" \/>\n<meta property=\"og:image\" content=\"https:\/\/cnycf.org\/app\/uploads\/2021\/03\/Homepage-Social-Preview_FB.png\" \/>\n<meta name=\"twitter:card\" content=\"summary_large_image\" \/>\n<meta name=\"twitter:title\" content=\"Fondation communautaire du centre de New York\" \/>\n<meta name=\"twitter:description\" content=\"La CNYCF est une organisation caritative publique qui recueille les contributions de donateurs priv\u00e9s, les g\u00e8re pour les faire fructifier au fil du temps et distribue ensuite des fonds \u00e0 des organisations caritatives locales pour les aider \u00e0 prosp\u00e9rer.\" \/>\n<meta name=\"twitter:image\" content=\"https:\/\/cnycf.org\/app\/uploads\/2021\/03\/Copy-of-Homepage-Social-Preview_Twitter.png\" \/>\n<script type=\"application\/ld+json\" class=\"yoast-schema-graph\">{\"@context\":\"https:\/\/schema.org\",\"@graph\":[{\"@type\":\"WebPage\",\"@id\":\"https:\/\/cnycf.org\/fr\/\",\"url\":\"https:\/\/cnycf.org\/fr\/\",\"name\":\"Accueil - Central New York Community Foundation\",\"isPartOf\":{\"@id\":\"https:\/\/cnycf.org\/fr\/#website\"},\"datePublished\":\"2020-10-28T17:44:22+00:00\",\"dateModified\":\"2026-05-04T14:10:50+00:00\",\"description\":\"La CNYCF est une organisation caritative publique qui recueille les contributions de donateurs priv\u00e9s, les g\u00e8re pour les faire fructifier au fil du temps et distribue ensuite des fonds \u00e0 des organisations caritatives locales pour les aider \u00e0 prosp\u00e9rer.\",\"breadcrumb\":{\"@id\":\"https:\/\/cnycf.org\/fr\/#breadcrumb\"},\"inLanguage\":\"fr-FR\",\"potentialAction\":[{\"@type\":\"ReadAction\",\"target\":[\"https:\/\/cnycf.org\/fr\/\"]}]},{\"@type\":\"BreadcrumbList\",\"@id\":\"https:\/\/cnycf.org\/fr\/#breadcrumb\",\"itemListElement\":[{\"@type\":\"ListItem\",\"position\":1,\"name\":\"Home\",\"item\":\"https:\/\/cnycf.org\/fr\/domicile\/\"},{\"@type\":\"ListItem\",\"position\":2,\"name\":\"Accueil\"}]},{\"@type\":\"WebSite\",\"@id\":\"https:\/\/cnycf.org\/fr\/#website\",\"url\":\"https:\/\/cnycf.org\/fr\/\",\"name\":\"Central New York Community Foundation\",\"description\":\"Our mission is to foster a thriving Central New York community\",\"potentialAction\":[{\"@type\":\"SearchAction\",\"target\":{\"@type\":\"EntryPoint\",\"urlTemplate\":\"https:\/\/cnycf.org\/fr\/?s={search_term_string}\"},\"query-input\":{\"@type\":\"PropertyValueSpecification\",\"valueRequired\":true,\"valueName\":\"search_term_string\"}}],\"inLanguage\":\"fr-FR\"}]}<\/script>\n<!-- \/ Yoast SEO plugin. -->","yoast_head_json":{"title":"Accueil - Central New York Community Foundation","description":"La CNYCF est une organisation caritative publique qui recueille les contributions de donateurs priv\u00e9s, les g\u00e8re pour les faire fructifier au fil du temps et distribue ensuite des fonds \u00e0 des organisations caritatives locales pour les aider \u00e0 prosp\u00e9rer.","robots":{"index":"index","follow":"follow","max-snippet":"max-snippet:-1","max-image-preview":"max-image-preview:large","max-video-preview":"max-video-preview:-1"},"canonical":"https:\/\/cnycf.org\/fr\/","og_locale":"fr_FR","og_type":"article","og_title":"Fondation communautaire du centre de New York","og_description":"La CNYCF est une organisation caritative publique qui recueille les contributions de donateurs priv\u00e9s, les g\u00e8re pour les faire fructifier au fil du temps et distribue ensuite des fonds \u00e0 des organisations caritatives locales pour les aider \u00e0 prosp\u00e9rer.","og_url":"https:\/\/cnycf.org\/fr\/","og_site_name":"Central New York Community Foundation","article_modified_time":"2026-05-04T14:10:50+00:00","og_image":[{"url":"https:\/\/cnycf.org\/app\/uploads\/2021\/03\/Homepage-Social-Preview_FB.png","type":"","width":"","height":""}],"twitter_card":"summary_large_image","twitter_title":"Fondation communautaire du centre de New York","twitter_description":"La CNYCF est une organisation caritative publique qui recueille les contributions de donateurs priv\u00e9s, les g\u00e8re pour les faire fructifier au fil du temps et distribue ensuite des fonds \u00e0 des organisations caritatives locales pour les aider \u00e0 prosp\u00e9rer.","twitter_image":"https:\/\/cnycf.org\/app\/uploads\/2021\/03\/Copy-of-Homepage-Social-Preview_Twitter.png","schema":{"@context":"https:\/\/schema.org","@graph":[{"@type":"WebPage","@id":"https:\/\/cnycf.org\/fr\/","url":"https:\/\/cnycf.org\/fr\/","name":"Accueil - Central New York Community Foundation","isPartOf":{"@id":"https:\/\/cnycf.org\/fr\/#website"},"datePublished":"2020-10-28T17:44:22+00:00","dateModified":"2026-05-04T14:10:50+00:00","description":"La CNYCF est une organisation caritative publique qui recueille les contributions de donateurs priv\u00e9s, les g\u00e8re pour les faire fructifier au fil du temps et distribue ensuite des fonds \u00e0 des organisations caritatives locales pour les aider \u00e0 prosp\u00e9rer.","breadcrumb":{"@id":"https:\/\/cnycf.org\/fr\/#breadcrumb"},"inLanguage":"fr-FR","potentialAction":[{"@type":"ReadAction","target":["https:\/\/cnycf.org\/fr\/"]}]},{"@type":"BreadcrumbList","@id":"https:\/\/cnycf.org\/fr\/#breadcrumb","itemListElement":[{"@type":"ListItem","position":1,"name":"Home","item":"https:\/\/cnycf.org\/fr\/domicile\/"},{"@type":"ListItem","position":2,"name":"Accueil"}]},{"@type":"WebSite","@id":"https:\/\/cnycf.org\/fr\/#website","url":"https:\/\/cnycf.org\/fr\/","name":"Central New York Community Foundation","description":"Our mission is to foster a thriving Central New York community","potentialAction":[{"@type":"SearchAction","target":{"@type":"EntryPoint","urlTemplate":"https:\/\/cnycf.org\/fr\/?s={search_term_string}"},"query-input":{"@type":"PropertyValueSpecification","valueRequired":true,"valueName":"search_term_string"}}],"inLanguage":"fr-FR"}]}},"_links":{"self":[{"href":"https:\/\/cnycf.org\/fr\/wp-json\/wp\/v2\/pages\/29695","targetHints":{"allow":["GET"]}}],"collection":[{"href":"https:\/\/cnycf.org\/fr\/wp-json\/wp\/v2\/pages"}],"about":[{"href":"https:\/\/cnycf.org\/fr\/wp-json\/wp\/v2\/types\/page"}],"author":[{"embeddable":true,"href":"https:\/\/cnycf.org\/fr\/wp-json\/wp\/v2\/users\/1"}],"replies":[{"embeddable":true,"href":"https:\/\/cnycf.org\/fr\/wp-json\/wp\/v2\/comments?post=29695"}],"version-history":[{"count":1,"href":"https:\/\/cnycf.org\/fr\/wp-json\/wp\/v2\/pages\/29695\/revisions"}],"predecessor-version":[{"id":34185,"href":"https:\/\/cnycf.org\/fr\/wp-json\/wp\/v2\/pages\/29695\/revisions\/34185"}],"wp:attachment":[{"href":"https:\/\/cnycf.org\/fr\/wp-json\/wp\/v2\/media?parent=29695"}],"curies":[{"name":"wp","href":"https:\/\/api.w.org\/{rel}","templated":true}]}}