{"id":29947,"date":"2023-05-24T20:01:20","date_gmt":"2023-05-25T00:01:20","guid":{"rendered":"https:\/\/cnycf.org\/resultats-de-notre-dernier-plan-strategique\/"},"modified":"2025-11-13T15:09:03","modified_gmt":"2025-11-13T20:09:03","slug":"resultats-de-notre-dernier-plan-strategique","status":"publish","type":"page","link":"https:\/\/cnycf.org\/fr\/resultats-de-notre-dernier-plan-strategique\/","title":{"rendered":"Leading for All : Plan strat\u00e9gique 2023-2028"},"content":{"rendered":"","protected":false},"excerpt":{"rendered":"","protected":false},"author":3,"featured_media":0,"parent":0,"menu_order":0,"comment_status":"closed","ping_status":"closed","template":"","meta":{"_acf_changed":false,"footnotes":""},"class_list":["post-29947","page","type-page","status-publish","hentry"],"acf":[],"yoast_head":"<!-- This site is optimized with the Yoast SEO plugin v26.9 - https:\/\/yoast.com\/product\/yoast-seo-wordpress\/ -->\n<title>Leading for All : Plan strat\u00e9gique 2023-2028 - Central New York Community Foundation<\/title>\n<meta name=\"robots\" content=\"index, follow, max-snippet:-1, max-image-preview:large, max-video-preview:-1\" \/>\n<link rel=\"canonical\" href=\"https:\/\/cnycf.org\/fr\/resultats-de-notre-dernier-plan-strategique\/\" \/>\n<meta property=\"og:locale\" content=\"fr_FR\" \/>\n<meta property=\"og:type\" content=\"article\" \/>\n<meta property=\"og:title\" content=\"Here for Good : Plan strat\u00e9gique 2023-2028\" \/>\n<meta property=\"og:description\" content=\"Notre nouveau plan strat\u00e9gique approfondit notre travail actuel et saisit de nouvelles opportunit\u00e9s.\" \/>\n<meta property=\"og:url\" content=\"https:\/\/cnycf.org\/fr\/resultats-de-notre-dernier-plan-strategique\/\" \/>\n<meta property=\"og:site_name\" content=\"Central New York Community Foundation\" \/>\n<meta property=\"article:modified_time\" content=\"2025-11-13T20:09:03+00:00\" \/>\n<meta property=\"og:image\" content=\"https:\/\/cnycf.org\/app\/uploads\/2023\/06\/StrategicPlan_web_landingpage-1024x463.jpg\" \/>\n<meta name=\"twitter:card\" content=\"summary_large_image\" \/>\n<meta name=\"twitter:title\" content=\"Here for Good : Plan strat\u00e9gique 2023-2028\" \/>\n<meta name=\"twitter:description\" content=\"Notre nouveau plan strat\u00e9gique approfondit notre travail actuel et saisit de nouvelles opportunit\u00e9s.\" \/>\n<meta name=\"twitter:image\" content=\"https:\/\/cnycf.org\/app\/uploads\/2023\/06\/StrategicPlan_web_landingpage-1024x463.jpg\" \/>\n<script type=\"application\/ld+json\" class=\"yoast-schema-graph\">{\"@context\":\"https:\/\/schema.org\",\"@graph\":[{\"@type\":\"WebPage\",\"@id\":\"https:\/\/cnycf.org\/fr\/resultats-de-notre-dernier-plan-strategique\/\",\"url\":\"https:\/\/cnycf.org\/fr\/resultats-de-notre-dernier-plan-strategique\/\",\"name\":\"Leading for All : Plan strat\u00e9gique 2023-2028 - Central New York Community Foundation\",\"isPartOf\":{\"@id\":\"https:\/\/cnycf.org\/fr\/#website\"},\"datePublished\":\"2023-05-25T00:01:20+00:00\",\"dateModified\":\"2025-11-13T20:09:03+00:00\",\"breadcrumb\":{\"@id\":\"https:\/\/cnycf.org\/fr\/resultats-de-notre-dernier-plan-strategique\/#breadcrumb\"},\"inLanguage\":\"fr-FR\",\"potentialAction\":[{\"@type\":\"ReadAction\",\"target\":[\"https:\/\/cnycf.org\/fr\/resultats-de-notre-dernier-plan-strategique\/\"]}]},{\"@type\":\"BreadcrumbList\",\"@id\":\"https:\/\/cnycf.org\/fr\/resultats-de-notre-dernier-plan-strategique\/#breadcrumb\",\"itemListElement\":[{\"@type\":\"ListItem\",\"position\":1,\"name\":\"Home\",\"item\":\"https:\/\/cnycf.org\/fr\/domicile\/\"},{\"@type\":\"ListItem\",\"position\":2,\"name\":\"Leading for All : Plan strat\u00e9gique 2023-2028\"}]},{\"@type\":\"WebSite\",\"@id\":\"https:\/\/cnycf.org\/fr\/#website\",\"url\":\"https:\/\/cnycf.org\/fr\/\",\"name\":\"Central New York Community Foundation\",\"description\":\"Our mission is to foster a thriving Central New York community\",\"potentialAction\":[{\"@type\":\"SearchAction\",\"target\":{\"@type\":\"EntryPoint\",\"urlTemplate\":\"https:\/\/cnycf.org\/fr\/?s={search_term_string}\"},\"query-input\":{\"@type\":\"PropertyValueSpecification\",\"valueRequired\":true,\"valueName\":\"search_term_string\"}}],\"inLanguage\":\"fr-FR\"}]}<\/script>\n<!-- \/ Yoast SEO plugin. -->","yoast_head_json":{"title":"Leading for All : Plan strat\u00e9gique 2023-2028 - Central New York Community Foundation","robots":{"index":"index","follow":"follow","max-snippet":"max-snippet:-1","max-image-preview":"max-image-preview:large","max-video-preview":"max-video-preview:-1"},"canonical":"https:\/\/cnycf.org\/fr\/resultats-de-notre-dernier-plan-strategique\/","og_locale":"fr_FR","og_type":"article","og_title":"Here for Good : Plan strat\u00e9gique 2023-2028","og_description":"Notre nouveau plan strat\u00e9gique approfondit notre travail actuel et saisit de nouvelles opportunit\u00e9s.","og_url":"https:\/\/cnycf.org\/fr\/resultats-de-notre-dernier-plan-strategique\/","og_site_name":"Central New York Community Foundation","article_modified_time":"2025-11-13T20:09:03+00:00","og_image":[{"url":"https:\/\/cnycf.org\/app\/uploads\/2023\/06\/StrategicPlan_web_landingpage-1024x463.jpg","type":"","width":"","height":""}],"twitter_card":"summary_large_image","twitter_title":"Here for Good : Plan strat\u00e9gique 2023-2028","twitter_description":"Notre nouveau plan strat\u00e9gique approfondit notre travail actuel et saisit de nouvelles opportunit\u00e9s.","twitter_image":"https:\/\/cnycf.org\/app\/uploads\/2023\/06\/StrategicPlan_web_landingpage-1024x463.jpg","schema":{"@context":"https:\/\/schema.org","@graph":[{"@type":"WebPage","@id":"https:\/\/cnycf.org\/fr\/resultats-de-notre-dernier-plan-strategique\/","url":"https:\/\/cnycf.org\/fr\/resultats-de-notre-dernier-plan-strategique\/","name":"Leading for All : Plan strat\u00e9gique 2023-2028 - Central New York Community Foundation","isPartOf":{"@id":"https:\/\/cnycf.org\/fr\/#website"},"datePublished":"2023-05-25T00:01:20+00:00","dateModified":"2025-11-13T20:09:03+00:00","breadcrumb":{"@id":"https:\/\/cnycf.org\/fr\/resultats-de-notre-dernier-plan-strategique\/#breadcrumb"},"inLanguage":"fr-FR","potentialAction":[{"@type":"ReadAction","target":["https:\/\/cnycf.org\/fr\/resultats-de-notre-dernier-plan-strategique\/"]}]},{"@type":"BreadcrumbList","@id":"https:\/\/cnycf.org\/fr\/resultats-de-notre-dernier-plan-strategique\/#breadcrumb","itemListElement":[{"@type":"ListItem","position":1,"name":"Home","item":"https:\/\/cnycf.org\/fr\/domicile\/"},{"@type":"ListItem","position":2,"name":"Leading for All : Plan strat\u00e9gique 2023-2028"}]},{"@type":"WebSite","@id":"https:\/\/cnycf.org\/fr\/#website","url":"https:\/\/cnycf.org\/fr\/","name":"Central New York Community Foundation","description":"Our mission is to foster a thriving Central New York community","potentialAction":[{"@type":"SearchAction","target":{"@type":"EntryPoint","urlTemplate":"https:\/\/cnycf.org\/fr\/?s={search_term_string}"},"query-input":{"@type":"PropertyValueSpecification","valueRequired":true,"valueName":"search_term_string"}}],"inLanguage":"fr-FR"}]}},"_links":{"self":[{"href":"https:\/\/cnycf.org\/fr\/wp-json\/wp\/v2\/pages\/29947","targetHints":{"allow":["GET"]}}],"collection":[{"href":"https:\/\/cnycf.org\/fr\/wp-json\/wp\/v2\/pages"}],"about":[{"href":"https:\/\/cnycf.org\/fr\/wp-json\/wp\/v2\/types\/page"}],"author":[{"embeddable":true,"href":"https:\/\/cnycf.org\/fr\/wp-json\/wp\/v2\/users\/3"}],"replies":[{"embeddable":true,"href":"https:\/\/cnycf.org\/fr\/wp-json\/wp\/v2\/comments?post=29947"}],"version-history":[{"count":1,"href":"https:\/\/cnycf.org\/fr\/wp-json\/wp\/v2\/pages\/29947\/revisions"}],"predecessor-version":[{"id":38060,"href":"https:\/\/cnycf.org\/fr\/wp-json\/wp\/v2\/pages\/29947\/revisions\/38060"}],"wp:attachment":[{"href":"https:\/\/cnycf.org\/fr\/wp-json\/wp\/v2\/media?parent=29947"}],"curies":[{"name":"wp","href":"https:\/\/api.w.org\/{rel}","templated":true}]}}